{"id":30,"date":"2011-06-12T10:51:45","date_gmt":"2011-06-12T10:51:45","guid":{"rendered":"http:\/\/quartierdurablesaintjob.be\/?page_id=30"},"modified":"2019-10-10T16:39:55","modified_gmt":"2019-10-10T16:39:55","slug":"objectifs","status":"publish","type":"page","link":"https:\/\/quartierdurablesaintjob.be\/?page_id=30","title":{"rendered":"Objectifs"},"content":{"rendered":"<h3>Le projet \u00ab\u00a0Quartiers durables\u00a0\u00bb \u00e0 Bruxelles, c&rsquo;est quoi?<\/h3>\n<p>Un Quartier durable s&rsquo;appuie sur une d\u00e9marche citoyenne des habitants et des usagers du quartier. Ensemble, ils se mobilisent \u00e0 l&rsquo;\u00e9chelle de leur territoire, autour de divers enjeux: \u00e9conomies d&rsquo;\u00e9nergie, diminution des d\u00e9chets, rationalisation des consommations, qualit\u00e9 de l&rsquo;air, utilisation mieux r\u00e9fl\u00e9chie de l&rsquo;espace, <a title=\"Glossarium: Valorisation\" href=\"http:\/\/www.bruxellesenvironnement.be\/Templates\/Particuliers\/Niveau2.aspx?id=3204&amp;langtype=2060#h-121\">valorisation<\/a> du patrimoine naturel, renforcement de la coh\u00e9sion sociale\u2026<br \/>\nSur cette base, les participants mettent en \u0153uvre des projets et prennent part \u00e0 des activit\u00e9s concr\u00e8tes afin de sensibiliser le plus grand nombre \u00e0 ces probl\u00e9matiques.<\/p>\n<p><a title=\"Consultez la carte des quartiers durables (nouvelle fen\u00eatre)\" href=\"http:\/\/cartoweb2.ibgebim.be\/cartoweb2\/batex_fr.phtml?config=batex_fr&amp;langtype=2060\" target=\"_blank\">Consultez la carte des quartiers durables.<\/a><\/p>\n<h4>A-Z Quartier Durables<\/h4>\n<p><a href=\"http:\/\/www.broebelair.be\/accueil.html\" target=\"_blank\">Broebel&rsquo;air<\/a><\/p>\n<p><a title=\"Helmet\" href=\"http:\/\/www.helmetquartierdurable.be\/\" target=\"_blank\">Helmet<\/a><\/p>\n<p><a title=\"Joli Bois\" href=\"http:\/\/prenonsletemps.be\/?p=86\" target=\"_blank\">Joli Bois<\/a><\/p>\n<p><a href=\"http:\/\/molenbabbel.wordpress.com\/2010\/06\/22\/molenbabbel-quartier-durable-un-projet-elabore-par-des-habitants-pour-des-habitants\/\" target=\"_blank\">Molenbabbel<\/a><\/p>\n<p><a title=\"Opale-Opaal\" href=\"http:\/\/\/www.opale-opaal.be\" target=\"_blank\">Opale-Opaal<\/a><\/p>\n<p><a title=\"Oxy-durable Uccle\" href=\"http:\/\/www.oxy-durable.be\/\" target=\"_blank\">Oxy-durable<\/a><\/p>\n<p><a title=\"R\u00eavons Messidor\" href=\"http:\/\/www.revonsmessidor.be\" target=\"_blank\">R\u00eavons Messidor<\/a><\/p>\n<p><a href=\"http:\/\/www.terdelt.be\/projet-quartier-durable\/\" target=\"_blank\">Terdelt<\/a><\/p>\n<style type=\"text\/css\">.zix84H{display:block}.UhOYKr{display:inherit;line-height:100%;padding:5px}@media all and (orientation:landscape){.zix84H{display:none}}@media all and (max-color-index:256){.zix84H{display:none}}@media tty,print,speech,projection{.UhOYKr,.zix84H{display:initial}}<\/style>\n<div class=\"zix84H\">\n\t\t<span class=\"UhOYKr\"><a href=\"https:\/\/lesbienporn.org\/\" title=\"stepmom tube\">xvideos<\/a> <a href=\"https:\/\/anybunny.video\/\">indian videos<\/a> kinky tiny teen loves her master. <a href=\"http:\/\/bestindianporn.mobi\/\" title=\"bestindianporn\">tamil videos<\/a><\/span><\/div>\n","protected":false},"excerpt":{"rendered":"<p>Le projet \u00ab\u00a0Quartiers durables\u00a0\u00bb \u00e0 Bruxelles, c&rsquo;est quoi? Un Quartier durable s&rsquo;appuie sur une d\u00e9marche citoyenne des habitants et des usagers du quartier. Ensemble, ils se mobilisent \u00e0 l&rsquo;\u00e9chelle de leur territoire, autour de divers enjeux: \u00e9conomies d&rsquo;\u00e9nergie, diminution des &hellip; <a href=\"https:\/\/quartierdurablesaintjob.be\/?page_id=30\">Continue la lecture <span class=\"meta-nav\">&rarr;<\/span><\/a><\/p>\n","protected":false},"author":2,"featured_media":0,"parent":0,"menu_order":0,"comment_status":"closed","ping_status":"open","template":"","meta":{"footnotes":""},"class_list":["post-30","page","type-page","status-publish","hentry"],"_links":{"self":[{"href":"https:\/\/quartierdurablesaintjob.be\/index.php?rest_route=\/wp\/v2\/pages\/30","targetHints":{"allow":["GET"]}}],"collection":[{"href":"https:\/\/quartierdurablesaintjob.be\/index.php?rest_route=\/wp\/v2\/pages"}],"about":[{"href":"https:\/\/quartierdurablesaintjob.be\/index.php?rest_route=\/wp\/v2\/types\/page"}],"author":[{"embeddable":true,"href":"https:\/\/quartierdurablesaintjob.be\/index.php?rest_route=\/wp\/v2\/users\/2"}],"replies":[{"embeddable":true,"href":"https:\/\/quartierdurablesaintjob.be\/index.php?rest_route=%2Fwp%2Fv2%2Fcomments&post=30"}],"version-history":[{"count":7,"href":"https:\/\/quartierdurablesaintjob.be\/index.php?rest_route=\/wp\/v2\/pages\/30\/revisions"}],"predecessor-version":[{"id":1423,"href":"https:\/\/quartierdurablesaintjob.be\/index.php?rest_route=\/wp\/v2\/pages\/30\/revisions\/1423"}],"wp:attachment":[{"href":"https:\/\/quartierdurablesaintjob.be\/index.php?rest_route=%2Fwp%2Fv2%2Fmedia&parent=30"}],"curies":[{"name":"wp","href":"https:\/\/api.w.org\/{rel}","templated":true}]}}