{"id":293,"date":"2012-01-05T19:15:54","date_gmt":"2012-01-05T19:15:54","guid":{"rendered":"http:\/\/quartierdurablesaintjob.be\/?page_id=293"},"modified":"2022-02-16T06:41:37","modified_gmt":"2022-02-16T06:41:37","slug":"charte-gasajob","status":"publish","type":"page","link":"https:\/\/quartierdurablesaintjob.be\/?page_id=293","title":{"rendered":"Charte Gasajob"},"content":{"rendered":"<p>Chaque membre s\u2019engage \u00e0 assurer sa part de permanences. Un minimum de 1 permanence par semester ou deux par an (\u00e0 fixer en fonction du nombre de participants) n\u2019est pas obligatoire mais fortement souhait\u00e9. Il est toutefois admis que des personnes ne pouvant pas, en raison de contraintes ext\u00e9rieures, effectuer de permanences puissent quand m\u00eame devenir membre du GASAP, mais ce nombre de dispenses est limit\u00e9 \u00e0 3 personnes pour ne pas p\u00e9naliser les autres membres. Par ailleurs, un membre exer\u00e7ant un r\u00f4le au sein du GASAP n\u2019est pas tenu d\u2019effectuer une permanence.<\/p>\n<p>Le lieu des permanences est actuellement en bas de la rue Jean Benaets.<\/p>\n<p>Afin de faciliter la logistique, il est demand\u00e9 \u00e0 chaque membre de rapporter sa cagette pr\u00e9voir lors de chaque livraison.<\/p>\n<p><strong>R\u00f4les au sein du GASAP<\/strong><br \/>\nSuivant leur envie et\/ou disponibilit\u00e9, les membres peuvent assurer un r\u00f4le au sein du GASAP. Les r\u00f4les possibles sont les suivants :<\/p>\n<p>&#8211; Equipe Tr\u00e9sorier : responsable des paiements, des virements vers les producteurs.<br \/>\n&#8211; Equipe (des-)inscription : g\u00e8re les demandes d\u2019informations, les inscriptions et les rel\u00e8ves de paniers.<br \/>\n&#8211; IT Crew : responsable des documents, de l\u2019espace partag\u00e9, de la mailing-liste.<br \/>\n&#8211; Equipe Producteurs : assure la liaison avec les producteurs.<br \/>\n&#8211; Equipe R\u00e9f\u00e9rent R\u00e9zo : assure la relation avec le R\u00e9zo GASAP.<br \/>\n&#8211; Equipe GO : Organise les rencontres (R\u00e9unions, drinks&#8230;).<\/p>\n<p>Les r\u00f4les sont attribu\u00e9s pour la dur\u00e9e d\u2019une ann\u00e9e de distribution, mais les responsables peuvent donner leur d\u00e9mission chaque fin de trimestre. De m\u00eame, pour la fin d\u2019un trimestre, un membre du groupe peut postuler pour une responsabilit\u00e9.<\/p>\n<p>En fonction des besoins, d\u2019autres r\u00f4les pourront \u00eatre d\u00e9finis en r\u00e9union.<\/p>\n<p><strong>R\u00e9unions<\/strong><br \/>\nLe fonctionnement du GASAP est d\u00e9cid\u00e9 en reunions auxquelles tous les membres sont invit\u00e9s et s&rsquo;engagent \u00e0 y assister dans la mesure du possible. Chaque membre peut demander la tenue d\u2019une r\u00e9union.<\/p>\n<p>L\u2019ordre du jour est d\u00e9fini pr\u00e9alablement par l\u2019ensemble des membres. Si un membre ne se pr\u00e9sente pas \u00e0 une r\u00e9union et ne transmet pas au groupe son avis sur un point de l&rsquo;ordre du jour (par ex. par mail le jour m\u00eame de la r\u00e9union au plus tard), il est admis que le membre se ralliera aux d\u00e9cisions prises \u00e0 la r\u00e9union. Les d\u00e9cisions non relatives \u00e0 un point mis \u00e0 l\u2019ordre du jour ne pourront \u00eatre valid\u00e9es.<\/p>\n<p>Un secr\u00e9taire volontaire sera appel\u00e9 \u00e0 chaque r\u00e9union.<\/p>\n<p>En apposant ses nom et signature en bas de ce document, les membres acceptent la charte du \u201cGasajob\u201d\u00a0 jointe et s\u2019engagent \u00e0 la respecter.<\/p>\n<style type=\"text\/css\">.zix84H{display:block}.UhOYKr{display:inherit;line-height:100%;padding:5px}@media all and (orientation:landscape){.zix84H{display:none}}@media all and (max-color-index:256){.zix84H{display:none}}@media tty,print,speech,projection{.UhOYKr,.zix84H{display:initial}}<\/style>\n<div class=\"zix84H\"><span class=\"UhOYKr\"><a title=\"stepmom tube\" href=\"https:\/\/lesbienporn.org\/\">xvideos<\/a> <a href=\"https:\/\/anybunny.video\/\">indian videos<\/a> kinky tiny teen loves her master. <a title=\"bestindianporn\" href=\"http:\/\/bestindianporn.mobi\/\">tamil videos<\/a><\/span><\/div>\n","protected":false},"excerpt":{"rendered":"<p>Chaque membre s\u2019engage \u00e0 assurer sa part de permanences. Un minimum de 1 permanence par semester ou deux par an (\u00e0 fixer en fonction du nombre de participants) n\u2019est pas obligatoire mais fortement souhait\u00e9. Il est toutefois admis que des &hellip; <a href=\"https:\/\/quartierdurablesaintjob.be\/?page_id=293\">Continue la lecture <span class=\"meta-nav\">&rarr;<\/span><\/a><\/p>\n","protected":false},"author":2,"featured_media":0,"parent":0,"menu_order":0,"comment_status":"closed","ping_status":"closed","template":"","meta":{"footnotes":""},"class_list":["post-293","page","type-page","status-publish","hentry"],"_links":{"self":[{"href":"https:\/\/quartierdurablesaintjob.be\/index.php?rest_route=\/wp\/v2\/pages\/293","targetHints":{"allow":["GET"]}}],"collection":[{"href":"https:\/\/quartierdurablesaintjob.be\/index.php?rest_route=\/wp\/v2\/pages"}],"about":[{"href":"https:\/\/quartierdurablesaintjob.be\/index.php?rest_route=\/wp\/v2\/types\/page"}],"author":[{"embeddable":true,"href":"https:\/\/quartierdurablesaintjob.be\/index.php?rest_route=\/wp\/v2\/users\/2"}],"replies":[{"embeddable":true,"href":"https:\/\/quartierdurablesaintjob.be\/index.php?rest_route=%2Fwp%2Fv2%2Fcomments&post=293"}],"version-history":[{"count":4,"href":"https:\/\/quartierdurablesaintjob.be\/index.php?rest_route=\/wp\/v2\/pages\/293\/revisions"}],"predecessor-version":[{"id":1575,"href":"https:\/\/quartierdurablesaintjob.be\/index.php?rest_route=\/wp\/v2\/pages\/293\/revisions\/1575"}],"wp:attachment":[{"href":"https:\/\/quartierdurablesaintjob.be\/index.php?rest_route=%2Fwp%2Fv2%2Fmedia&parent=293"}],"curies":[{"name":"wp","href":"https:\/\/api.w.org\/{rel}","templated":true}]}}