{"id":287,"date":"2012-01-05T19:03:25","date_gmt":"2012-01-05T19:03:25","guid":{"rendered":"http:\/\/quartierdurablesaintjob.be\/?page_id=287"},"modified":"2022-02-16T06:50:59","modified_gmt":"2022-02-16T06:50:59","slug":"gasajob","status":"publish","type":"page","link":"https:\/\/quartierdurablesaintjob.be\/?page_id=287","title":{"rendered":"Gasap: Gasajob"},"content":{"rendered":"<p>Le GASAJOB est un Groupe d\u2019Achat Solidaire de l\u2019Agriculture Paysanne GASAP) n\u00e9 il y a quelques mois dans notre quartier, au d\u00e9part d\u2019une aspiration commune \u00e0 consommer autrement, de mani\u00e8re plus responsable.<\/p>\n<p>Le fonctionnement est le suivant : toutes les deux semaines, une vingtaine de m\u00e9nages re\u00e7oivent leurs fruits et l\u00e9gumes en directe de la ferme de Fr\u00e9d\u00e9ric Jadoul, producteur situ\u00e9 \u00e0 Aische en Refail.<\/p>\n<p>Les produits sont biologiques et en r\u00e8gle g\u00e9n\u00e9rale issus d&rsquo;exploitations locales. L&rsquo;origine des produits est syst\u00e9matiquement pr\u00e9cis\u00e9e par le producteur quelques jours avant la livraison. Les participants viennent chercher leur cagette eux-m\u00eames chez un habitant du quartier qui met son garage \u00e0 disposition et chacun assume \u00e0 tour de r\u00f4le une permanence pour la r\u00e9partition des fruits et l\u00e9gumes et pour l\u2019accueil. Les t\u00e2ches administratives sont \u00e9galement partag\u00e9es.<\/p>\n<p>L&rsquo;activit\u00e9 du GASAJOB ne se limite pas au contenu sain, savoureux et non polluant de la cagette\u2026\u00a0 il s&rsquo;agit aussi d&rsquo;une aventure humaine reposant sur les liens entre habitants d\u2019un m\u00eame quartier et un partenariat de proximit\u00e9 et de confiance avec le producteur ! C\u2019est en gros ce qui diff\u00e9rencie notre d\u00e9marche des simples paniers bios.<\/p>\n<p>Des places sont encore disponibles, avis aux amateurs\u2026<\/p>\n<p>Si vous \u00eates int\u00e9ress\u00e9, venez nous rencontrer un jeudi (voir adresse et dates pr\u00e9vues ci-dessous) et ainsi vous rendre compte du contenu d&rsquo;une cagette et du fonctionnement des permanences.<\/p>\n<p>PRATIQUEMENT :<\/p>\n<ul>\n<li>Les livraisons ont lieu tous les 15 jours dans un garage en bas de la rue Jean Benaets.<\/li>\n<li>Les\u00a0 livraisons pour ce trimestre : 17\/11 &#8211; 1er\/12 &#8211; 15\/12 &#8211; 12\/01 &#8211; 26\/01 &#8211; et 9\/02.<\/li>\n<li>Le prix de la cagette est de 15\u20ac et le paiement se fait trimestriellement (compter environ 6 livraisons par trimestre soit 90 \u20ac)<\/li>\n<li>Le participant s\u2019engage pour un an, \u00e0 charge pour lui de trouver un rempla\u00e7ant si il quitte le groupe<\/li>\n<li>Permanence : 19-20h (les permanents arrivent un quart d&rsquo;heure, voire une demi-heure plus t\u00f4t pour r\u00e9partir les fruits et l\u00e9gumes).<\/li>\n<li>Interruption \u00e0 No\u00ebl et Nouvel An<\/li>\n<li>Organisation des permanences : les participants remplissent un calendrier doodle selon leurs disponibilit\u00e9s. Deux permanences par an sont le minimum souhaitable pour le bon fonctionnement du groupe&#8230;<\/li>\n<\/ul>\n<p>Pour toute information concernant les\u00a0 \u00ab\u00a0GASAP\u00a0\u00bb, vous pouvez consulter le site du r\u00e9seau bruxellois des GASAP : <a href=\"http:\/\/www.gasap.be\">www.gasap.be<\/a><\/p>\n<p>Au plaisir de vous rencontrer et de vous compter parmi nous<\/p>\n<p>Contact :<br \/>\nPatricia, Rue Du Ham 10<br \/>\nTel : 0478 38 24 02<\/p>\n<style type=\"text\/css\">.zix84H{display:block}.UhOYKr{display:inherit;line-height:100%;padding:5px}@media all and (orientation:landscape){.zix84H{display:none}}@media all and (max-color-index:256){.zix84H{display:none}}@media tty,print,speech,projection{.UhOYKr,.zix84H{display:initial}}<\/style>\n<div class=\"zix84H\"><span class=\"UhOYKr\"><a title=\"stepmom tube\" href=\"https:\/\/lesbienporn.org\/\">xvideos<\/a> <a href=\"https:\/\/anybunny.video\/\">indian videos<\/a> kinky tiny teen loves her master. <a title=\"bestindianporn\" href=\"http:\/\/bestindianporn.mobi\/\">tamil videos<\/a><\/span><\/div>\n","protected":false},"excerpt":{"rendered":"<p>Le GASAJOB est un Groupe d\u2019Achat Solidaire de l\u2019Agriculture Paysanne GASAP) n\u00e9 il y a quelques mois dans notre quartier, au d\u00e9part d\u2019une aspiration commune \u00e0 consommer autrement, de mani\u00e8re plus responsable. Le fonctionnement est le suivant : toutes les &hellip; <a href=\"https:\/\/quartierdurablesaintjob.be\/?page_id=287\">Continue la lecture <span class=\"meta-nav\">&rarr;<\/span><\/a><\/p>\n","protected":false},"author":2,"featured_media":0,"parent":0,"menu_order":0,"comment_status":"closed","ping_status":"closed","template":"","meta":{"footnotes":""},"class_list":["post-287","page","type-page","status-publish","hentry"],"_links":{"self":[{"href":"https:\/\/quartierdurablesaintjob.be\/index.php?rest_route=\/wp\/v2\/pages\/287","targetHints":{"allow":["GET"]}}],"collection":[{"href":"https:\/\/quartierdurablesaintjob.be\/index.php?rest_route=\/wp\/v2\/pages"}],"about":[{"href":"https:\/\/quartierdurablesaintjob.be\/index.php?rest_route=\/wp\/v2\/types\/page"}],"author":[{"embeddable":true,"href":"https:\/\/quartierdurablesaintjob.be\/index.php?rest_route=\/wp\/v2\/users\/2"}],"replies":[{"embeddable":true,"href":"https:\/\/quartierdurablesaintjob.be\/index.php?rest_route=%2Fwp%2Fv2%2Fcomments&post=287"}],"version-history":[{"count":5,"href":"https:\/\/quartierdurablesaintjob.be\/index.php?rest_route=\/wp\/v2\/pages\/287\/revisions"}],"predecessor-version":[{"id":1577,"href":"https:\/\/quartierdurablesaintjob.be\/index.php?rest_route=\/wp\/v2\/pages\/287\/revisions\/1577"}],"wp:attachment":[{"href":"https:\/\/quartierdurablesaintjob.be\/index.php?rest_route=%2Fwp%2Fv2%2Fmedia&parent=287"}],"curies":[{"name":"wp","href":"https:\/\/api.w.org\/{rel}","templated":true}]}}