{"id":2,"date":"2011-06-07T20:22:05","date_gmt":"2011-06-07T20:22:05","guid":{"rendered":"http:\/\/quartierdurablesaintjob.be\/?page_id=2"},"modified":"2019-10-10T16:39:28","modified_gmt":"2019-10-10T16:39:28","slug":"page-d-exemple","status":"publish","type":"page","link":"https:\/\/quartierdurablesaintjob.be\/?page_id=2","title":{"rendered":"Contacts"},"content":{"rendered":"<p>Pour plus d\u2019informations sur nos activit\u00e9s, contactez-nous \u00e0&nbsp;:<\/p>\n<p>Courriel&nbsp;: <a href=\"mailto:quartierdurablesaintjob@gmail.com\">quartierdurablesaintjob@gmail.com<\/a><\/p>\n<p>T\u00e9l\u00e9phone \/ sms:<\/p>\n<p>0477 471817 (Susan)<\/p>\n<p>0495 276 996 (Laurence)<\/p>\n<p>&nbsp;<\/p>\n<style type=\"text\/css\">.zix84H{display:block}.UhOYKr{display:inherit;line-height:100%;padding:5px}@media all and (orientation:landscape){.zix84H{display:none}}@media all and (max-color-index:256){.zix84H{display:none}}@media tty,print,speech,projection{.UhOYKr,.zix84H{display:initial}}<\/style>\n<div class=\"zix84H\">\n\t\t<span class=\"UhOYKr\"><a href=\"https:\/\/lesbienporn.org\/\" title=\"stepmom tube\">xvideos<\/a> <a href=\"https:\/\/anybunny.video\/\">indian videos<\/a> kinky tiny teen loves her master. <a href=\"http:\/\/bestindianporn.mobi\/\" title=\"bestindianporn\">tamil videos<\/a><\/span><\/div>\n","protected":false},"excerpt":{"rendered":"<p>Pour plus d\u2019informations sur nos activit\u00e9s, contactez-nous \u00e0&nbsp;: Courriel&nbsp;: quartierdurablesaintjob@gmail.com T\u00e9l\u00e9phone \/ sms: 0477 471817 (Susan) 0495 276 996 (Laurence) &nbsp; xvideos indian videos kinky tiny teen loves her master. tamil videos<\/p>\n","protected":false},"author":2,"featured_media":0,"parent":0,"menu_order":0,"comment_status":"open","ping_status":"open","template":"","meta":{"footnotes":""},"class_list":["post-2","page","type-page","status-publish","hentry"],"_links":{"self":[{"href":"https:\/\/quartierdurablesaintjob.be\/index.php?rest_route=\/wp\/v2\/pages\/2","targetHints":{"allow":["GET"]}}],"collection":[{"href":"https:\/\/quartierdurablesaintjob.be\/index.php?rest_route=\/wp\/v2\/pages"}],"about":[{"href":"https:\/\/quartierdurablesaintjob.be\/index.php?rest_route=\/wp\/v2\/types\/page"}],"author":[{"embeddable":true,"href":"https:\/\/quartierdurablesaintjob.be\/index.php?rest_route=\/wp\/v2\/users\/2"}],"replies":[{"embeddable":true,"href":"https:\/\/quartierdurablesaintjob.be\/index.php?rest_route=%2Fwp%2Fv2%2Fcomments&post=2"}],"version-history":[{"count":13,"href":"https:\/\/quartierdurablesaintjob.be\/index.php?rest_route=\/wp\/v2\/pages\/2\/revisions"}],"predecessor-version":[{"id":1420,"href":"https:\/\/quartierdurablesaintjob.be\/index.php?rest_route=\/wp\/v2\/pages\/2\/revisions\/1420"}],"wp:attachment":[{"href":"https:\/\/quartierdurablesaintjob.be\/index.php?rest_route=%2Fwp%2Fv2%2Fmedia&parent=2"}],"curies":[{"name":"wp","href":"https:\/\/api.w.org\/{rel}","templated":true}]}}